{"id":646,"date":"2025-03-16T13:16:29","date_gmt":"2025-03-16T13:16:29","guid":{"rendered":"https:\/\/jonsteinar.is\/?page_id=646"},"modified":"2025-08-21T07:31:03","modified_gmt":"2025-08-21T07:31:03","slug":"um-jon","status":"publish","type":"page","link":"https:\/\/jonsteinar.is\/index.php\/um-jon\/","title":{"rendered":"Um J\u00f3n"},"content":{"rendered":"\n<p>Netfang:&nbsp;<a href=\"mailto:jonsteinar@jsg.is\">jonsteinar@jsg.is<\/a><\/p>\n\n\n\n<p>S\u00edmi: 530-1231<\/p>\n\n\n\n<p>\u200b<\/p>\n\n\n\n<p><strong>Menntun:<\/strong><br>St\u00fadent fr\u00e1 MR 1967<\/p>\n\n\n\n<p>Emb\u00e6ttispr\u00f3f \u00ed l\u00f6gfr\u00e6\u00f0i fr\u00e1 H\u00e1sk\u00f3la \u00cdslands 1973<\/p>\n\n\n\n<p>H\u00e9ra\u00f0sd\u00f3msl\u00f6gma\u00f0ur 1975<\/p>\n\n\n\n<p>H\u00e6star\u00e9ttarl\u00f6gma\u00f0ur 1980<br>&nbsp;<\/p>\n\n\n\n<p><strong>Starfsferill:<\/strong><\/p>\n\n\n\n<p>\u00deingfr\u00e9ttaritari \u00e1 Morgunbla\u00f0inu 1973-1974<\/p>\n\n\n\n<p>Framkv\u00e6mdastj\u00f3ri Listah\u00e1t\u00ed\u00f0ar \u00ed Reykjav\u00edk 1974<\/p>\n\n\n\n<p>L\u00f6gmannsfulltr\u00fai 1974-1977<\/p>\n\n\n\n<p>Sj\u00e1lfst\u00e6tt starfandi m\u00e1lflutningsma\u00f0ur 1977-2004<\/p>\n\n\n\n<p>Pr\u00f3fessor vi\u00f0 H\u00e1sk\u00f3lann \u00ed Reykjav\u00edk 2002-2004<\/p>\n\n\n\n<p>D\u00f3mari vi\u00f0 H\u00e6star\u00e9tt \u00cdslands 2004-2012<\/p>\n\n\n\n<p>Sj\u00e1lfst\u00e6tt starfandi r\u00e1\u00f0gjafi 2012-2015<\/p>\n\n\n\n<p>VERITAS l\u00f6gmenn 2015-2018<\/p>\n\n\n\n<p>JSG l\u00f6gmenn fr\u00e1 2018<\/p>\n\n\n\n<p><br><strong>Kennsla:<\/strong><br>Stundakennari \u00ed fj\u00e1rmunar\u00e9tti vi\u00f0 lagadeild H\u00e1sk\u00f3la \u00cdslands 1975-1977, settur d\u00f3sent 1977-1978 og a\u00f0j\u00fankt 1979-1981<br>Flutti eftir \u00fea\u00f0 reglulega kennslufyrirlestra vi\u00f0 deildina, m.a. \u00ed r\u00e9ttarfari og skattar\u00e9tti<br>Kenndi verslunarr\u00e9tt vi\u00f0 Verslunarsk\u00f3la \u00cdslands 1975-1977<\/p>\n\n\n\n<p>Pr\u00f3fessor vi\u00f0 H\u00e1sk\u00f3lann \u00ed Reykjav\u00edk 2002-2004<\/p>\n\n\n\n<p>Stundakennari vi\u00f0 H\u00e1sk\u00f3lann \u00ed Reykjav\u00edk 2004-2008<\/p>\n\n\n\n<p>Hefur kennt l\u00f6gfr\u00e6\u00f0ingum munnlegan m\u00e1lflutning hj\u00e1 Endurmenntunarstofnun H\u00e1sk\u00f3la \u00cdslands og \u00e1 n\u00e1mskei\u00f0i fyrir ver\u00f0andi m\u00e1lflytjendur.<\/p>\n\n\n\n<p>\u200b<\/p>\n\n\n\n<p><strong>F\u00e9lags- og tr\u00fana\u00f0arst\u00f6rf<\/strong><\/p>\n\n\n\n<p>\u00cd stj\u00f3rn Heimdallar, f\u00e9lags ungra sj\u00e1lfst\u00e6\u00f0ismanna \u00ed Reykjav\u00edk, 1968-69.\u00cd stj\u00f3rn Sambands ungra sj\u00e1lfst\u00e6\u00f0ismanna 1969-71.<\/p>\n\n\n\n<p>Fulltr\u00fai st\u00fadenta \u00ed h\u00e1sk\u00f3lar\u00e1\u00f0i H\u00e1sk\u00f3la \u00cdslands 1970-72.<\/p>\n\n\n\n<p>Forma\u00f0ur Orators 1971-72.<\/p>\n\n\n\n<p>\u00cd stj\u00f3rn (ritari) L\u00f6gfr\u00e6\u00f0ingaf\u00e9lags \u00cdslands 1974-79, \u00ed varastj\u00f3rn \u00feess 1979-83 og fr\u00e1 1986.<\/p>\n\n\n\n<p>\u00cd r\u00e9ttarfarsnefnd 1981-89.<\/p>\n\n\n\n<p>\u00cd stj\u00f3rn L\u00f6gmannaf\u00e9lags \u00cdslands 1981-86, forma\u00f0ur 1983-86 og \u00ed kjaranefnd f\u00e9lagsins 1979-80.<\/p>\n\n\n\n<p>\u00cd framkv\u00e6mdastj\u00f3rn Samtaka \u00e1hugamanna um \u00e1fengisvandam\u00e1li\u00f0 (S.\u00c1.\u00c1.) 1982-84.<\/p>\n\n\n\n<p>\u00cd d\u00f3mst\u00f3li Knattspyrnusambands \u00cdslands fr\u00e1 1983, forseti d\u00f3msins 1985-2004.<\/p>\n\n\n\n<p>Skipa\u00f0ur \u00ed nefnd til a\u00f0 endursko\u00f0a stj\u00f3rnkerfi \u00cdslands 1983-84.<\/p>\n\n\n\n<p>Skipa\u00f0ur \u00ed mars 1985 \u00ed nefnd til a\u00f0 huga a\u00f0 nau\u00f0synlegum endurb\u00f3tum \u00e1 reglum um dr\u00e1ttarvexti.<\/p>\n\n\n\n<p>Forma\u00f0ur kj\u00f6rnefnda Sj\u00e1lfst\u00e6\u00f0isflokksins \u00ed Reykjav\u00edk 1985-91.<\/p>\n\n\n\n<p>\u00cd stj\u00f3rn Bridgesambands \u00cdslands 1986-89, \u00fear af forseti 1987-89 og form. d\u00f3mnefndar sambandsins 1990-98.<\/p>\n\n\n\n<p>\u00cd landskj\u00f6rstj\u00f3rn 1991-95.<\/p>\n\n\n\n<p>\u00cd yfirkj\u00f6rstj\u00f3rn vi\u00f0 borgarstj\u00f3rnarkosningar \u00ed Reykjav\u00edk 1994 (forma\u00f0ur) og 1998.<\/p>\n\n\n\n<p>Forma\u00f0ur yfirkj\u00f6rstj\u00f3rnar vi\u00f0 al\u00feingiskosningar \u00ed Reykjav\u00edk 1995-2000.<\/p>\n\n\n\n<p>Forma\u00f0ur nefndar sem fjalla\u00f0i um l\u00f6glei\u00f0ingu EES-reglna \u00ed landsr\u00e9tt \u00e1 \u00cdslandi 1997-98.<\/p>\n\n\n\n<p>Forma\u00f0ur starfsh\u00f3ps sem fjalla\u00f0i um hvernig b\u00e6ri a\u00f0 breg\u00f0ast vi\u00f0 d\u00f3mi H\u00e6star\u00e9ttar 19. desember 2000 \u00ed m\u00e1linu nr. 125\/2000 (\u00f6ryrkjam\u00e1linu).<br>&nbsp;<\/p>\n\n\n\n<p><strong>Ritst\u00f6rf:<\/strong><\/p>\n\n\n\n<p><em>B\u00e6kur:<\/em><br>Deilt \u00e1 d\u00f3marana, Rv\u00edk 1987.<\/p>\n\n\n\n<p>Um ford\u00e6mi og valdm\u00f6rk d\u00f3mst\u00f3la, Rv\u00edk 2003.<\/p>\n\n\n\n<p>Um m\u00e1lskot \u00ed einkam\u00e1lum, Rv\u00edk 2005.<\/p>\n\n\n\n<p>Veikbur\u00f0a H\u00e6stir\u00e9ttur, Rv\u00edk 2013.<\/p>\n\n\n\n<p>\u00cd krafti sannf\u00e6ringar, Rv\u00edk 2014.<\/p>\n\n\n\n<p>Me\u00f0 logni\u00f0 \u00ed fangi\u00f0, Rv\u00edk 2017.<\/p>\n\n\n\n<p>When Justice Failed, Rv\u00edk 2018.<\/p>\n\n\n\n<p>Umb\u00fa\u00f0alaust: Huglei\u00f0ingar \u00ed h\u00e1lfa \u00f6ld, Rv\u00edk 2020.<\/p>\n\n\n\n<p><em>Greinar og b\u00f3karkaflar:<\/em><\/p>\n\n\n\n<p>\u200b<\/p>\n\n\n\n<p><em>\u00dej\u00f3\u00f0m\u00e1l&nbsp;<\/em><\/p>\n\n\n\n<p>Saklaus \u00fear til sekt sannast, 2. hefti 2018, 20.<\/p>\n\n\n\n<p>Snilldarverk, sama hefti bls. 94.<\/p>\n\n\n\n<p>D\u00f3mari l\u00e6tur af st\u00f6rfum, 3. hefti 2019, 66.<\/p>\n\n\n\n<p>\u200b<\/p>\n\n\n\n<p><em>L\u00f6gbr\u00fa; T\u00edmarit laganema \u00e1 Bifr\u00f6st<\/em><\/p>\n\n\n\n<p>\u00cd bo\u00f0i bannsins, 5. tbl. 2016. Birt \u00e1 vefnum:&nbsp;<a href=\"http:\/\/www.logbru.is\/articles\/adrargreinar\/article\/i-bodi-bannsins\" target=\"_blank\" rel=\"noreferrer noopener\">http:\/\/www.logbru.is\/articles\/adrargreinar\/article\/i-bodi-bannsins<\/a>&nbsp;\u00feann 16.12.2016.<\/p>\n\n\n\n<p>\u200b<\/p>\n\n\n\n<p><em>Brimfaxi<\/em><\/p>\n\n\n\n<p>L\u00f6g um vei\u00f0igj\u00f6ld standast ekki, Brimfaxi, 2. tbl. 2014, 40.<\/p>\n\n\n\n<p>\u200b<\/p>\n\n\n\n<p><em>Afm\u00e6lisrit Dav\u00ed\u00f0s Oddssonar fimmtugs<\/em><\/p>\n\n\n\n<p>Fer r\u00e9ttar\u00f6ryggi borgaranna gagnvart r\u00edkisvaldinu vaxandi?&nbsp;Rv\u00edk 1998.<\/p>\n\n\n\n<p>\u200b<\/p>\n\n\n\n<p><em>Afm\u00e6lisrit Gauks J\u00f6rundssonar sextugs<\/em><\/p>\n\n\n\n<p>Nokkrar huglei\u00f0ingar um r\u00e9tt manna til a\u00f0 standa utan f\u00e9laga,&nbsp;Rv\u00edk 1994.<\/p>\n\n\n\n<p>\u200b<\/p>\n\n\n\n<p><em>Uppreisn frj\u00e1lshyggjunnar<\/em><\/p>\n\n\n\n<p>Frj\u00e1lshyggjan og l\u00f6gin, Rv\u00edk 1979.<\/p>\n\n\n\n<p>\u200b<\/p>\n\n\n\n<p><em>V\u00f6kubla\u00f0i\u00f0<\/em><\/p>\n\n\n\n<p>L\u00fd\u00f0r\u00e6\u00f0i tryggir pers\u00f3nulegt frumkv\u00e6\u00f0i, des. 1972, 11.<\/p>\n\n\n\n<p><em>T\u00edmarit l\u00f6gfr\u00e6\u00f0inga<\/em><\/p>\n\n\n\n<p>\u00c1kv\u00f6r\u00f0un um eignarn\u00e1m, 1.tbl. 1981, 16.<\/p>\n\n\n\n<p>Um m\u00e1lskostna\u00f0 \u00ed einkam\u00e1lum, einkum me\u00f0 hli\u00f0sj\u00f3n af ver\u00f0b\u00f3lgu,&nbsp;2. tbl. 1983, 88.<\/p>\n\n\n\n<p>Huglei\u00f0ing \u00ed tilefni h\u00e6star\u00e9ttard\u00f3ms, 3. tbl. 1983, 191.<\/p>\n\n\n\n<p>D\u00f3mur H\u00e6star\u00e9ttar 6. j\u00fal\u00ed 1984 (\u00c1sgar\u00f0sm\u00e1l), 3. tbl. 1984, 147.<\/p>\n\n\n\n<p>Um l\u00f6gmenn, 4. tbl. 1985, 209.<\/p>\n\n\n\n<p>Um vi\u00f0horf vi\u00f0 sk\u00fdringar \u00e1 mannr\u00e9ttinda\u00e1kv\u00e6\u00f0um stj\u00f3rnarskr\u00e1r, 3. tbl. 1988, 137.<\/p>\n\n\n\n<p>R\u00f6kstu\u00f0ningur er ekki s\u00edst fyrir d\u00f3marann sj\u00e1lfan, 2. tbl. 1989, 135.<\/p>\n\n\n\n<p>Kenningar og raunveruleiki, 4. tbl. 1991, 242.<\/p>\n\n\n\n<p>D\u00f3marar og opinber gagnr\u00fdni, 2. tbl. 1992, 134.<\/p>\n\n\n\n<p>Ford\u00e6misgildi h\u00e6star\u00e9ttard\u00f3ma, 3. tbl. 1992, 172.<\/p>\n\n\n\n<p>Um s\u00f6nnunarbyr\u00f0i \u00ed m\u00e1lum er var\u00f0a ska\u00f0ab\u00f3ta\u00e1byrg\u00f0 l\u00e6kna og sj\u00fakrastofnana, 3. tbl. 1995, 213.<\/p>\n\n\n\n<p>D\u00f3mst\u00f3lar setja ekki l\u00f6g, 1. tbl. 1999, 5.<\/p>\n\n\n\n<p>Um lagalega \u00e1byrg\u00f0 a\u00f0ila, sem standa fyrir f\u00e9lags- og t\u00f3mstundastarfi fyrir b\u00f6rn og unglinga, 4. tbl. 1999, 299.<\/p>\n\n\n\n<p>Lausung \u00ed lagaframkv\u00e6md, 2. tbl. 2000, 143.<\/p>\n\n\n\n<p>Skipun h\u00e6star\u00e9ttard\u00f3mara. Er breytinga \u00fe\u00f6rf?, 2. tbl. 2006, 193.<\/p>\n\n\n\n<p>R\u00e9ttar\u00f6ryggi og munnlegur m\u00e1lflutningur, 3. tbl. 2006, 325.<\/p>\n\n\n\n<p>Nokkur or\u00f0 um s\u00e9ratkv\u00e6\u00f0i \u00ed d\u00f3mum, 3. tbl. 2007, 326.<\/p>\n\n\n\n<p>Gu\u00f0legt vald?, 2. tbl. 2010, 201.<\/p>\n\n\n\n<p>Af hverju voru uppl\u00fdsingarnar aldrei birtar?, 3. tbl. 2012, 319.<\/p>\n\n\n\n<p>Munnlegur m\u00e1lflutningur, 3.tbl. 2016, 485.<br>&nbsp;<\/p>\n\n\n\n<p><em>L\u00f6gmannabla\u00f0i\u00f0<\/em><\/p>\n\n\n\n<p>Hverjir ver\u00f0a d\u00f3marar framt\u00ed\u00f0arinnar?,&nbsp; 1. tbl. 2000.<\/p>\n\n\n\n<p>Skortur \u00e1 skilningi \u00e1 undirst\u00f6\u00f0uatri\u00f0um vi\u00f0 m\u00e1lskot,&nbsp;2. tbl. 2015, 26.<\/p>\n\n\n\n<p>\u00c1lyktun andst\u00e6\u00f0 l\u00f6gum, 3. tbl. 2017, 22.<br>&nbsp;<\/p>\n\n\n\n<p><em>\u00dalflj\u00f3tur<\/em><\/p>\n\n\n\n<p>Huglei\u00f0ing um handhafa r\u00edkisvaldsins, sst. XLIV, 1. tbl. 1991, 7.<\/p>\n\n\n\n<p>Geta aflaheimildir talist eign \u00ed skilningi 67. gr. stj\u00f3rnarskr\u00e1r? Hva\u00f0a \u00fe\u00fd\u00f0ingu hefur 3. ml. 1. gr. laga nr. 38\/1990 um stj\u00f3rn fiskvei\u00f0a \u00ed \u00feessu sambandi?, 2. tbl. 1995.<\/p>\n\n\n\n<p>Um valdm\u00f6rk d\u00f3mst\u00f3la, 2. tbl. 2002.<\/p>\n\n\n\n<p>\u201eFyrirmyndin er fyrst og fremst akadem\u00edsk\u201c, vi\u00f0tal, 1. tbl. 2006.<\/p>\n\n\n\n<p>\u00c6skilegt a\u00f0 d\u00f3marar taki \u00fe\u00e1tt \u00ed almennum umr\u00e6\u00f0um um verkefni d\u00f3mst\u00f3la, 2. tbl. 2008.<\/p>\n\n\n\n<p>Rogastans, 1. tbl. 2013.<br>&nbsp;<\/p>\n\n\n\n<p><em>T\u00edmarit L\u00f6gr\u00e9ttu<\/em><\/p>\n\n\n\n<p>Ranns\u00f3knarr\u00e9ttarfar \u00ed einkam\u00e1lum?, &nbsp;1. tbl. 1. \u00e1rg. 2004.<\/p>\n\n\n\n<p>\u201eM\u00e1l af \u00feessu tagi\u201c, 2. tbl. 5. \u00e1rg. 2008.<\/p>\n\n\n\n<p>Endursko\u00f0un d\u00f3ms, L\u00f6gr\u00e9tta 1. tbl. 2013, 25.<\/p>\n\n\n\n<p>Liti\u00f0 yfir farinn veg, prenta\u00f0 \u00ed s\u00e9rriti, 2023.<\/p>\n\n\n\n<p>Auk fj\u00f6lda greina um l\u00f6gfr\u00e6\u00f0ileg efni og stj\u00f3rnm\u00e1l \u00ed bl\u00f6\u00f0um, einkum Morgunbla\u00f0inu.<\/p>\n\n\n\n<p>\u200b<\/p>\n\n\n\n<p><em>Anna\u00f0:<\/em><br>H\u00e9lt fund um endurb\u00e6tur \u00e1 d\u00f3mskerfinu \u00ed H\u00e1sk\u00f3lanum \u00ed Reykjav\u00edk \u00feann 20. ma\u00ed 2015. Fundurinn er a\u00f0gengilegur \u00e1 sl\u00f3\u00f0inni&nbsp;<a href=\"http:\/\/wayback.vefsafn.is\/wayback\/20180518160622\/https:\/\/www.youtube.com\/watch?v=YPRSipf-8ic\" target=\"_blank\" rel=\"noreferrer noopener\">https:\/\/www.youtube.com\/watch?v=YPRSipf-8ic<\/a><\/p>\n","protected":false},"excerpt":{"rendered":"<p>Netfang:&nbsp;jonsteinar@jsg.is S\u00edmi: 530-1231 \u200b Menntun:St\u00fadent fr\u00e1 MR 1967 Emb\u00e6ttispr\u00f3f \u00ed l\u00f6gfr\u00e6\u00f0i fr\u00e1 H\u00e1sk\u00f3la \u00cdslands 1973 H\u00e9ra\u00f0sd\u00f3msl\u00f6gma\u00f0ur 1975 H\u00e6star\u00e9ttarl\u00f6gma\u00f0ur 1980&nbsp; Starfsferill: \u00deingfr\u00e9ttaritari \u00e1 Morgunbla\u00f0inu 1973-1974 Framkv\u00e6mdastj\u00f3ri Listah\u00e1t\u00ed\u00f0ar \u00ed Reykjav\u00edk 1974 L\u00f6gmannsfulltr\u00fai 1974-1977 Sj\u00e1lfst\u00e6tt starfandi m\u00e1lflutningsma\u00f0ur 1977-2004 Pr\u00f3fessor vi\u00f0 H\u00e1sk\u00f3lann \u00ed Reykjav\u00edk 2002-2004 D\u00f3mari vi\u00f0 H\u00e6star\u00e9tt \u00cdslands 2004-2012 Sj\u00e1lfst\u00e6tt starfandi r\u00e1\u00f0gjafi 2012-2015 VERITAS l\u00f6gmenn 2015-2018 JSG l\u00f6gmenn [&hellip;]<\/p>\n","protected":false},"author":1,"featured_media":684,"parent":0,"menu_order":0,"comment_status":"closed","ping_status":"closed","template":"","meta":{"footnotes":""},"class_list":["post-646","page","type-page","status-publish","has-post-thumbnail","hentry"],"_links":{"self":[{"href":"https:\/\/jonsteinar.is\/index.php\/wp-json\/wp\/v2\/pages\/646","targetHints":{"allow":["GET"]}}],"collection":[{"href":"https:\/\/jonsteinar.is\/index.php\/wp-json\/wp\/v2\/pages"}],"about":[{"href":"https:\/\/jonsteinar.is\/index.php\/wp-json\/wp\/v2\/types\/page"}],"author":[{"embeddable":true,"href":"https:\/\/jonsteinar.is\/index.php\/wp-json\/wp\/v2\/users\/1"}],"replies":[{"embeddable":true,"href":"https:\/\/jonsteinar.is\/index.php\/wp-json\/wp\/v2\/comments?post=646"}],"version-history":[{"count":4,"href":"https:\/\/jonsteinar.is\/index.php\/wp-json\/wp\/v2\/pages\/646\/revisions"}],"predecessor-version":[{"id":934,"href":"https:\/\/jonsteinar.is\/index.php\/wp-json\/wp\/v2\/pages\/646\/revisions\/934"}],"wp:featuredmedia":[{"embeddable":true,"href":"https:\/\/jonsteinar.is\/index.php\/wp-json\/wp\/v2\/media\/684"}],"wp:attachment":[{"href":"https:\/\/jonsteinar.is\/index.php\/wp-json\/wp\/v2\/media?parent=646"}],"curies":[{"name":"wp","href":"https:\/\/api.w.org\/{rel}","templated":true}]}}